{"id":27,"date":"2026-04-15T16:15:02","date_gmt":"2026-04-15T14:15:02","guid":{"rendered":"http:\/\/localhost:8888\/rsrl\/?page_id=27"},"modified":"2026-04-17T16:13:57","modified_gmt":"2026-04-17T14:13:57","slug":"brio","status":"publish","type":"page","link":"https:\/\/rapport-annuel.rsrl.ch\/wp\/prestations\/brio\/","title":{"rendered":"BRIO"},"content":{"rendered":"<p>Pr\u00e9sent sur toute la cha\u00eene des soins, le <a href=\"\/2024\/glossaire#BRIO\">BRIO<\/a> aide les personnes \u00e0 s\u2019orienter vers les services m\u00e9dico-sociaux les plus adapt\u00e9s \u00e0 leur situation et \u00e0 leurs besoins.<\/p>\n<p>Il fait le lien entre les diff\u00e9rents secteurs du syst\u00e8me de sant\u00e9 : m\u00e9decins, soins \u00e0 domicile, h\u00f4pitaux, h\u00e9bergements, r\u00e9pondant aux besoins toujours accrus (vieillissement et fragilisation de la population) et une p\u00e9nurie de lits d&rsquo;EMS et de personnel soignant dans tous les milieux de soins. Tandis que le rythme des demandes s&rsquo;acc\u00e9l\u00e8re avec la r\u00e9duction des dur\u00e9es moyennes de s\u00e9jour lors des hospitalisations, les situations deviennent donc plus complexes et fragiles et le nombre de demandes par usager augmente.<\/p>\n<p>Les infirmiers et infirmi\u00e8res de liaison accomplissent notre mission de base au sein du <a href=\"\/2024\/glossaire#BRIO\">BRIO<\/a>  le Bureau r\u00e9gional d&rsquo;information et d&rsquo;orientation. Dans nos locaux \u00e0 la rue du Bugnon 4, \u00e0 l&rsquo;h\u00f4pital et en CTR (CHUV, H\u00f4pital de Lavaux), dans les <a href=\"\/2024\/glossaire#EMS\">EMS<\/a> et les <a href=\"\/2024\/glossaire#SPAH\">SPAH<\/a>  au cabinet du m\u00e9decin traitant ou au domicile, ils et elles \u0153uvrent annuellement aupr\u00e8s de plus de 10&rsquo;000 usag\u00e8res et usagers sur notre r\u00e9gion.<\/p>\n<p style=\"font-weight: 400;\"><strong>Les indicateurs d&rsquo;activit\u00e9 du <a href=\"\/2024\/glossaire#BRIO\">BRIO<\/a> sont directement accessibles sur notre <a href=\"https:\/\/public.tableau.com\/app\/profile\/r.seau.sant.r.gion.lausanne\/viz\/rapportannuelRSRL_2025\/Demandesdorientation?publish=yes\" class=\"external-link\" target=\"_blank\" target=\"_blank\" rel=\"noopener\">tableau de bord 2025<\/a><\/strong><\/p>\n<p>Vous trouverez ci-dessous quelques extraits comment\u00e9s.<\/p>\n","protected":false},"excerpt":{"rendered":"<p>Pr\u00e9sent sur toute la cha\u00eene des soins, le BRIO aide les personnes \u00e0 s\u2019orienter vers les services m\u00e9dico-sociaux les plus adapt\u00e9s \u00e0 leur situation et \u00e0 leurs besoins. Il fait le lien entre les diff\u00e9rents secteurs du syst\u00e8me de sant\u00e9 : m\u00e9decins, soins \u00e0 domicile, h\u00f4pitaux, h\u00e9bergements, r\u00e9pondant aux besoins toujours accrus (vieillissement et fragilisation [&hellip;]<\/p>\n","protected":false},"author":1,"featured_media":1679,"parent":7,"menu_order":6,"comment_status":"closed","ping_status":"closed","template":"","meta":{"_acf_changed":false,"footnotes":""},"class_list":["post-27","page","type-page","status-publish","has-post-thumbnail","hentry"],"acf":{"subtitle":"Statistiques d'activit\u00e9 2025","headlines":"","external_link":"","blocks":[{"acf_fc_layout":"image","image":{"ID":278,"id":278,"title":"Trend-Demandes v2","filename":"Trend-Demandes-v2.png","filesize":21537,"url":"https:\/\/rapport-annuel.rsrl.ch\/wp\/wp-content\/uploads\/2019\/05\/Trend-Demandes-v2.png","link":"https:\/\/rapport-annuel.rsrl.ch\/wp\/prestations\/brio\/trend-demandes-v2\/","alt":"Activit\u00e9 du BRIO dans son ensemble","author":"3","description":"","caption":"Nous constatons une l\u00e9g\u00e8re hausse du nombre de demande (1,5 %) qui correspond \u00e0 l'augmentation annuelle de la population \u00e2g\u00e9e de 75 ans et plus.","name":"trend-demandes-v2","status":"inherit","uploaded_to":27,"date":"2019-05-17 11:39:25","modified":"2019-05-17 11:42:21","menu_order":0,"mime_type":"image\/png","type":"image","subtype":"png","icon":"https:\/\/rapport-annuel.rsrl.ch\/wp\/wp-includes\/images\/media\/default.png","width":1454,"height":824,"sizes":{"thumbnail":"https:\/\/rapport-annuel.rsrl.ch\/wp\/wp-content\/uploads\/2019\/05\/Trend-Demandes-v2-150x150.png","thumbnail-width":150,"thumbnail-height":150,"medium":"https:\/\/rapport-annuel.rsrl.ch\/wp\/wp-content\/uploads\/2019\/05\/Trend-Demandes-v2-300x170.png","medium-width":300,"medium-height":170,"medium_large":"https:\/\/rapport-annuel.rsrl.ch\/wp\/wp-content\/uploads\/2019\/05\/Trend-Demandes-v2-768x435.png","medium_large-width":768,"medium_large-height":435,"large":"https:\/\/rapport-annuel.rsrl.ch\/wp\/wp-content\/uploads\/2019\/05\/Trend-Demandes-v2-1024x580.png","large-width":1024,"large-height":580,"1536x1536":"https:\/\/rapport-annuel.rsrl.ch\/wp\/wp-content\/uploads\/2019\/05\/Trend-Demandes-v2.png","1536x1536-width":1454,"1536x1536-height":824,"2048x2048":"https:\/\/rapport-annuel.rsrl.ch\/wp\/wp-content\/uploads\/2019\/05\/Trend-Demandes-v2.png","2048x2048-width":1454,"2048x2048-height":824}}},{"acf_fc_layout":"paragraph","paragraph":""}],"graphes":[{"title":"Nombre de demandes","subtitle":"","picture":{"ID":3121,"id":3121,"title":"Nombre de demandes","filename":"Nombre-de-demandes.jpg","filesize":38883,"url":"https:\/\/rapport-annuel.rsrl.ch\/wp\/wp-content\/uploads\/2026\/04\/Nombre-de-demandes.jpg","link":"https:\/\/rapport-annuel.rsrl.ch\/wp\/prestations\/brio\/nombre-de-demandes\/","alt":"","author":"4","description":"","caption":"","name":"nombre-de-demandes","status":"inherit","uploaded_to":27,"date":"2026-04-15 13:27:49","modified":"2026-04-15 13:27:49","menu_order":0,"mime_type":"image\/jpeg","type":"image","subtype":"jpeg","icon":"https:\/\/rapport-annuel.rsrl.ch\/wp\/wp-includes\/images\/media\/default.png","width":696,"height":526,"sizes":{"thumbnail":"https:\/\/rapport-annuel.rsrl.ch\/wp\/wp-content\/uploads\/2026\/04\/Nombre-de-demandes-150x150.jpg","thumbnail-width":150,"thumbnail-height":150,"medium":"https:\/\/rapport-annuel.rsrl.ch\/wp\/wp-content\/uploads\/2026\/04\/Nombre-de-demandes-300x226.jpg","medium-width":300,"medium-height":226,"medium_large":"https:\/\/rapport-annuel.rsrl.ch\/wp\/wp-content\/uploads\/2026\/04\/Nombre-de-demandes.jpg","medium_large-width":696,"medium_large-height":526,"large":"https:\/\/rapport-annuel.rsrl.ch\/wp\/wp-content\/uploads\/2026\/04\/Nombre-de-demandes-1024x773.jpg","large-width":1024,"large-height":773,"1536x1536":"https:\/\/rapport-annuel.rsrl.ch\/wp\/wp-content\/uploads\/2026\/04\/Nombre-de-demandes-1536x1160.jpg","1536x1536-width":1536,"1536x1536-height":1160,"2048x2048":"https:\/\/rapport-annuel.rsrl.ch\/wp\/wp-content\/uploads\/2026\/04\/Nombre-de-demandes-2048x1547.jpg","2048x2048-width":2048,"2048x2048-height":1547}},"content":"<p>Le nombre total de demandes au BRIO en 2025 a l\u00e9g\u00e8rement diminu\u00e9 depuis 2024 (-1.6%) tout en restant au dessus de la barre des 17&rsquo;000, donc plus \u00e9lev\u00e9 que les 3 ann\u00e9es pr\u00e9c\u00e9dentes.<\/p>\n"},{"title":"Type de provenance des demandes","subtitle":"","picture":{"ID":3127,"id":3127,"title":"Type de provenance des demandes","filename":"Type-de-provenance-des-demandes-e1776260542773.jpg","filesize":31293,"url":"https:\/\/rapport-annuel.rsrl.ch\/wp\/wp-content\/uploads\/2026\/04\/Type-de-provenance-des-demandes-e1776260542773.jpg","link":"https:\/\/rapport-annuel.rsrl.ch\/wp\/prestations\/brio\/type-de-provenance-des-demandes\/","alt":"","author":"4","description":"","caption":"","name":"type-de-provenance-des-demandes","status":"inherit","uploaded_to":27,"date":"2026-04-15 13:27:54","modified":"2026-04-15 13:27:54","menu_order":0,"mime_type":"image\/jpeg","type":"image","subtype":"jpeg","icon":"https:\/\/rapport-annuel.rsrl.ch\/wp\/wp-includes\/images\/media\/default.png","width":1127,"height":387,"sizes":{"thumbnail":"https:\/\/rapport-annuel.rsrl.ch\/wp\/wp-content\/uploads\/2026\/04\/Type-de-provenance-des-demandes-e1776260542773-150x150.jpg","thumbnail-width":150,"thumbnail-height":150,"medium":"https:\/\/rapport-annuel.rsrl.ch\/wp\/wp-content\/uploads\/2026\/04\/Type-de-provenance-des-demandes-e1776260542773-300x103.jpg","medium-width":300,"medium-height":103,"medium_large":"https:\/\/rapport-annuel.rsrl.ch\/wp\/wp-content\/uploads\/2026\/04\/Type-de-provenance-des-demandes-e1776260542773-768x264.jpg","medium_large-width":768,"medium_large-height":264,"large":"https:\/\/rapport-annuel.rsrl.ch\/wp\/wp-content\/uploads\/2026\/04\/Type-de-provenance-des-demandes-e1776260542773-1024x351.jpg","large-width":1024,"large-height":351,"1536x1536":"https:\/\/rapport-annuel.rsrl.ch\/wp\/wp-content\/uploads\/2026\/04\/Type-de-provenance-des-demandes-e1776260542773-1536x527.jpg","1536x1536-width":1536,"1536x1536-height":527,"2048x2048":"https:\/\/rapport-annuel.rsrl.ch\/wp\/wp-content\/uploads\/2026\/04\/Type-de-provenance-des-demandes-e1776260542773-2048x703.jpg","2048x2048-width":2048,"2048x2048-height":703}},"content":"<p>Les demandes en provenances des H\u00f4pitaux lits A somatiques repr\u00e9sentent toujours presque 3\/4 de l&rsquo;activit\u00e9 du BRIO avec 12&rsquo;177, soit 71,3 % des demandes. Les 2 autres plus grandes sources de demandes proviennent des EMS avec 2&rsquo;158 (12.6%) et des CMS avec 972 demandes. Le type de provenance \u00ab\u00a0Autres\u00a0\u00bb est constitu\u00e9 principalement de demandes des Familles\/Entourage\/Usagers (131) et de m\u00e9decins traitants (59).<\/p>\n"},{"title":"Nombre d'usag\u00e8res et usagers","subtitle":"","picture":{"ID":3125,"id":3125,"title":"Nombre usag\u00e8res et usagers 2025","filename":"Nombre-usageres-et-usagers-2025.jpg","filesize":38185,"url":"https:\/\/rapport-annuel.rsrl.ch\/wp\/wp-content\/uploads\/2026\/04\/Nombre-usageres-et-usagers-2025.jpg","link":"https:\/\/rapport-annuel.rsrl.ch\/wp\/prestations\/brio\/nombre-usageres-et-usagers-2025\/","alt":"","author":"4","description":"","caption":"","name":"nombre-usageres-et-usagers-2025","status":"inherit","uploaded_to":27,"date":"2026-04-15 13:27:52","modified":"2026-04-15 13:27:52","menu_order":0,"mime_type":"image\/jpeg","type":"image","subtype":"jpeg","icon":"https:\/\/rapport-annuel.rsrl.ch\/wp\/wp-includes\/images\/media\/default.png","width":806,"height":483,"sizes":{"thumbnail":"https:\/\/rapport-annuel.rsrl.ch\/wp\/wp-content\/uploads\/2026\/04\/Nombre-usageres-et-usagers-2025-150x150.jpg","thumbnail-width":150,"thumbnail-height":150,"medium":"https:\/\/rapport-annuel.rsrl.ch\/wp\/wp-content\/uploads\/2026\/04\/Nombre-usageres-et-usagers-2025-300x179.jpg","medium-width":300,"medium-height":179,"medium_large":"https:\/\/rapport-annuel.rsrl.ch\/wp\/wp-content\/uploads\/2026\/04\/Nombre-usageres-et-usagers-2025-768x460.jpg","medium_large-width":768,"medium_large-height":460,"large":"https:\/\/rapport-annuel.rsrl.ch\/wp\/wp-content\/uploads\/2026\/04\/Nombre-usageres-et-usagers-2025-1024x613.jpg","large-width":1024,"large-height":613,"1536x1536":"https:\/\/rapport-annuel.rsrl.ch\/wp\/wp-content\/uploads\/2026\/04\/Nombre-usageres-et-usagers-2025-1536x920.jpg","1536x1536-width":1536,"1536x1536-height":920,"2048x2048":"https:\/\/rapport-annuel.rsrl.ch\/wp\/wp-content\/uploads\/2026\/04\/Nombre-usageres-et-usagers-2025-2048x1227.jpg","2048x2048-width":2048,"2048x2048-height":1227}},"content":"<p>En 2025, le BRIO a compt\u00e9 10&rsquo;119 usag\u00e8res et usagers, soit une progression de plus de 2% depuis 2023. Leur r\u00e9partition par rapport au nombre de demandes re\u00e7ues montre que pour pr\u00e8s de la moiti\u00e9 des personnes concern\u00e9es (4994) , le BRIO a r\u00e9pondu \u00e0 2 demandes ou plus.<\/p>\n"},{"title":"D\u00e9lais de placement en LS","subtitle":"","picture":{"ID":3115,"id":3115,"title":"D\u00e9lais de placement LS","filename":"Delais-de-placement-LS.jpg","filesize":37127,"url":"https:\/\/rapport-annuel.rsrl.ch\/wp\/wp-content\/uploads\/2026\/04\/Delais-de-placement-LS.jpg","link":"https:\/\/rapport-annuel.rsrl.ch\/wp\/prestations\/brio\/delais-de-placement-ls\/","alt":"","author":"4","description":"","caption":"","name":"delais-de-placement-ls","status":"inherit","uploaded_to":27,"date":"2026-04-15 13:27:46","modified":"2026-04-15 13:27:46","menu_order":0,"mime_type":"image\/jpeg","type":"image","subtype":"jpeg","icon":"https:\/\/rapport-annuel.rsrl.ch\/wp\/wp-includes\/images\/media\/default.png","width":852,"height":445,"sizes":{"thumbnail":"https:\/\/rapport-annuel.rsrl.ch\/wp\/wp-content\/uploads\/2026\/04\/Delais-de-placement-LS-150x150.jpg","thumbnail-width":150,"thumbnail-height":150,"medium":"https:\/\/rapport-annuel.rsrl.ch\/wp\/wp-content\/uploads\/2026\/04\/Delais-de-placement-LS-300x156.jpg","medium-width":300,"medium-height":156,"medium_large":"https:\/\/rapport-annuel.rsrl.ch\/wp\/wp-content\/uploads\/2026\/04\/Delais-de-placement-LS-768x401.jpg","medium_large-width":768,"medium_large-height":401,"large":"https:\/\/rapport-annuel.rsrl.ch\/wp\/wp-content\/uploads\/2026\/04\/Delais-de-placement-LS-1024x534.jpg","large-width":1024,"large-height":534,"1536x1536":"https:\/\/rapport-annuel.rsrl.ch\/wp\/wp-content\/uploads\/2026\/04\/Delais-de-placement-LS-1536x802.jpg","1536x1536-width":1536,"1536x1536-height":802,"2048x2048":"https:\/\/rapport-annuel.rsrl.ch\/wp\/wp-content\/uploads\/2026\/04\/Delais-de-placement-LS-2048x1069.jpg","2048x2048-width":2048,"2048x2048-height":1069}},"content":"<p>Les d\u00e9lais de placement moyen en long s\u00e9jour a diminu\u00e9 \u00e0 47 jours (-6.6). Cela ne t\u00e9moigne pas pour autant d&rsquo;une am\u00e9lioration quant \u00e0 la situation de p\u00e9nurie de places qui g\u00e9n\u00e8re un engorgement chronique des lits de soins aigus (somatiques et psychiatriques) ainsi qu&rsquo;une forte pression sur le BRIO.<\/p>\n<p>Dans le m\u00eame temps, le d\u00e9lai m\u00e9dian a encore diminu\u00e9 de 32 jours \u00e0 28 jours (-4) attestant ainsi de notre efficacit\u00e9. Pour la moiti\u00e9 des personnes en attente de lit C, la solution se concr\u00e9tise en quatre semaines ou moins. C&rsquo;est parfois long pour certaines institutions sous pression, mais c&rsquo;est extr\u00eamement court pour les personnes concern\u00e9es lorsqu&rsquo;on sait \u00e0 quel changement de vie elles sont soudain confront\u00e9es, souvent sans que cela ne corresponde \u00e0 un vrai choix de leur part.<\/p>\n<p>&nbsp;<\/p>\n<p>&nbsp;<\/p>\n"},{"title":"Issues r\u00e9alis\u00e9es","subtitle":"","picture":{"ID":3119,"id":3119,"title":"Issues r\u00e9alis\u00e9es par ann\u00e9e et par provenance","filename":"Issues-realisees-par-annee-et-par-provenance.jpg","filesize":109101,"url":"https:\/\/rapport-annuel.rsrl.ch\/wp\/wp-content\/uploads\/2026\/04\/Issues-realisees-par-annee-et-par-provenance.jpg","link":"https:\/\/rapport-annuel.rsrl.ch\/wp\/prestations\/brio\/issues-realisees-par-annee-et-par-provenance\/","alt":"","author":"4","description":"","caption":"","name":"issues-realisees-par-annee-et-par-provenance","status":"inherit","uploaded_to":27,"date":"2026-04-15 13:27:48","modified":"2026-04-15 13:27:48","menu_order":0,"mime_type":"image\/jpeg","type":"image","subtype":"jpeg","icon":"https:\/\/rapport-annuel.rsrl.ch\/wp\/wp-includes\/images\/media\/default.png","width":1791,"height":523,"sizes":{"thumbnail":"https:\/\/rapport-annuel.rsrl.ch\/wp\/wp-content\/uploads\/2026\/04\/Issues-realisees-par-annee-et-par-provenance-150x150.jpg","thumbnail-width":150,"thumbnail-height":150,"medium":"https:\/\/rapport-annuel.rsrl.ch\/wp\/wp-content\/uploads\/2026\/04\/Issues-realisees-par-annee-et-par-provenance-300x87.jpg","medium-width":300,"medium-height":87,"medium_large":"https:\/\/rapport-annuel.rsrl.ch\/wp\/wp-content\/uploads\/2026\/04\/Issues-realisees-par-annee-et-par-provenance-768x224.jpg","medium_large-width":768,"medium_large-height":224,"large":"https:\/\/rapport-annuel.rsrl.ch\/wp\/wp-content\/uploads\/2026\/04\/Issues-realisees-par-annee-et-par-provenance-1024x299.jpg","large-width":1024,"large-height":299,"1536x1536":"https:\/\/rapport-annuel.rsrl.ch\/wp\/wp-content\/uploads\/2026\/04\/Issues-realisees-par-annee-et-par-provenance-1536x448.jpg","1536x1536-width":1536,"1536x1536-height":448,"2048x2048":"https:\/\/rapport-annuel.rsrl.ch\/wp\/wp-content\/uploads\/2026\/04\/Issues-realisees-par-annee-et-par-provenance-2048x598.jpg","2048x2048-width":2048,"2048x2048-height":598}},"content":"<p>Le nombre d&rsquo;issues r\u00e9alis\u00e9es (17&rsquo;163) le sont en majorit\u00e9 en faveur d&rsquo;un retour \u00e0 domicile (8&rsquo;831), dont une petite moiti\u00e9 des situations ne n\u00e9cessitant pas de soins \u00e0 domicile. Les autres issues principales sont les CTR (2&rsquo;770), l&rsquo;H\u00f4pital de soins aigus (1&rsquo;770) et les admissions en long s\u00e9jour (1&rsquo;648).<\/p>\n"},{"title":"Secteur social","subtitle":"","picture":{"ID":3117,"id":3117,"title":"Evolution nombre de dossiers AS","filename":"Evolution-nombre-de-dossiers-AS.jpg","filesize":34305,"url":"https:\/\/rapport-annuel.rsrl.ch\/wp\/wp-content\/uploads\/2026\/04\/Evolution-nombre-de-dossiers-AS.jpg","link":"https:\/\/rapport-annuel.rsrl.ch\/wp\/prestations\/brio\/evolution-nombre-de-dossiers-as\/","alt":"","author":"4","description":"","caption":"","name":"evolution-nombre-de-dossiers-as","status":"inherit","uploaded_to":27,"date":"2026-04-15 13:27:47","modified":"2026-04-15 13:27:47","menu_order":0,"mime_type":"image\/jpeg","type":"image","subtype":"jpeg","icon":"https:\/\/rapport-annuel.rsrl.ch\/wp\/wp-includes\/images\/media\/default.png","width":1031,"height":287,"sizes":{"thumbnail":"https:\/\/rapport-annuel.rsrl.ch\/wp\/wp-content\/uploads\/2026\/04\/Evolution-nombre-de-dossiers-AS-150x150.jpg","thumbnail-width":150,"thumbnail-height":150,"medium":"https:\/\/rapport-annuel.rsrl.ch\/wp\/wp-content\/uploads\/2026\/04\/Evolution-nombre-de-dossiers-AS-300x83.jpg","medium-width":300,"medium-height":83,"medium_large":"https:\/\/rapport-annuel.rsrl.ch\/wp\/wp-content\/uploads\/2026\/04\/Evolution-nombre-de-dossiers-AS-768x214.jpg","medium_large-width":768,"medium_large-height":214,"large":"https:\/\/rapport-annuel.rsrl.ch\/wp\/wp-content\/uploads\/2026\/04\/Evolution-nombre-de-dossiers-AS-1024x285.jpg","large-width":1024,"large-height":285,"1536x1536":"https:\/\/rapport-annuel.rsrl.ch\/wp\/wp-content\/uploads\/2026\/04\/Evolution-nombre-de-dossiers-AS-1536x427.jpg","1536x1536-width":1536,"1536x1536-height":427,"2048x2048":"https:\/\/rapport-annuel.rsrl.ch\/wp\/wp-content\/uploads\/2026\/04\/Evolution-nombre-de-dossiers-AS-2048x570.jpg","2048x2048-width":2048,"2048x2048-height":570}},"content":"<p>Le nombre de dossiers trait\u00e9s par le secteur social a augment\u00e9 de 32% par rapport \u00e0 2024 et le nombre d&rsquo;usag\u00e8res et usagers de pr\u00e8s de 30% \u00e9galement. Cela s&rsquo;explique en partie par le fait que le secteur social a augment\u00e9 ses ressources avec un 0.4 EPT d&rsquo;assistante sociale suppl\u00e9mentaire, passant ainsi \u00e0 1.2 EPT dans cette fonction.<\/p>\n"}]},"_links":{"self":[{"href":"https:\/\/rapport-annuel.rsrl.ch\/wp\/wp-json\/wp\/v2\/pages\/27","targetHints":{"allow":["GET"]}}],"collection":[{"href":"https:\/\/rapport-annuel.rsrl.ch\/wp\/wp-json\/wp\/v2\/pages"}],"about":[{"href":"https:\/\/rapport-annuel.rsrl.ch\/wp\/wp-json\/wp\/v2\/types\/page"}],"author":[{"embeddable":true,"href":"https:\/\/rapport-annuel.rsrl.ch\/wp\/wp-json\/wp\/v2\/users\/1"}],"replies":[{"embeddable":true,"href":"https:\/\/rapport-annuel.rsrl.ch\/wp\/wp-json\/wp\/v2\/comments?post=27"}],"version-history":[{"count":128,"href":"https:\/\/rapport-annuel.rsrl.ch\/wp\/wp-json\/wp\/v2\/pages\/27\/revisions"}],"predecessor-version":[{"id":3145,"href":"https:\/\/rapport-annuel.rsrl.ch\/wp\/wp-json\/wp\/v2\/pages\/27\/revisions\/3145"}],"up":[{"embeddable":true,"href":"https:\/\/rapport-annuel.rsrl.ch\/wp\/wp-json\/wp\/v2\/pages\/7"}],"wp:featuredmedia":[{"embeddable":true,"href":"https:\/\/rapport-annuel.rsrl.ch\/wp\/wp-json\/wp\/v2\/media\/1679"}],"wp:attachment":[{"href":"https:\/\/rapport-annuel.rsrl.ch\/wp\/wp-json\/wp\/v2\/media?parent=27"}],"curies":[{"name":"wp","href":"https:\/\/api.w.org\/{rel}","templated":true}]}}