{"id":11,"date":"2026-04-15T13:20:04","date_gmt":"2026-04-15T11:20:04","guid":{"rendered":"http:\/\/localhost:8888\/rsrl\/?page_id=11"},"modified":"2026-04-15T16:38:27","modified_gmt":"2026-04-15T14:38:27","slug":"projets","status":"publish","type":"page","link":"https:\/\/rapport-annuel.rsrl.ch\/wp\/projets\/","title":{"rendered":"Projets"},"content":{"rendered":"<p>Les projets du r\u00e9seau contribuent \u00e0 r\u00e9pondre \u00e0 un besoin accru en termes de coordination des soins dans un contexte de syst\u00e8me de sant\u00e9 sous tension. De mani\u00e8re transversale, ces projets visent \u00e0 instaurer ou renforcer le partenariat en sant\u00e9, \u00e0 favoriser l&rsquo;acc\u00e8s aux soins et s&rsquo;inscrivent dans une vision globale de sant\u00e9 plan\u00e9taire.<\/p>\n<p>Le 20 novembre, notre forum <em><a href=\"https:\/\/www.reseau-sante-region-lausanne.ch\/forum\/forum-atelier-2025-du-reseau-sante-region-lausanne\/\" class=\"external-link\" target=\"_blank\"><strong>Diriger un r\u00e9seau de sant\u00e9 avec des patient\u00b7e\u00b7s : id\u00e9e farfelue ou \u00e9vidence ?<\/strong><\/a><\/em>\u00a0a r\u00e9uni plus de 60 repr\u00e9sentants de nos membres, membres du comit\u00e9, patientes et patients, actrices et acteurs du syst\u00e8me de sant\u00e9. Avec l&rsquo;appui expert de <a href=\"https:\/\/ca.linkedin.com\/in\/vincentdumez\" class=\"external-link\" target=\"_blank\">Vincent Dumez<\/a>, nous avons ensemble appris comment le partage de la gouvernance permet de b\u00e9n\u00e9ficier des savoirs citoyens en sant\u00e9 et r\u00e9fl\u00e9chi aux pistes et champs d&rsquo;actions \u00e0 mettre en \u0153uvre pour progresser dans cette voie. <a href=\"https:\/\/www.reseau-sante-region-lausanne.ch\/wp-content\/uploads\/sites\/2\/2026\/02\/Compte-rendu-forum-atelier-RSRL-20-novembre-2025-1.pdf\" class=\"download-link\" target=\"_blank\">Compte rendu<\/a>.<\/p>\n","protected":false},"excerpt":{"rendered":"<p>Les projets du r\u00e9seau contribuent \u00e0 r\u00e9pondre \u00e0 un besoin accru en termes de coordination des soins dans un contexte de syst\u00e8me de sant\u00e9 sous tension. De mani\u00e8re transversale, ces projets visent \u00e0 instaurer ou renforcer le partenariat en sant\u00e9, \u00e0 favoriser l&rsquo;acc\u00e8s aux soins et s&rsquo;inscrivent dans une vision globale de sant\u00e9 plan\u00e9taire. Le [&hellip;]<\/p>\n","protected":false},"author":1,"featured_media":2951,"parent":0,"menu_order":14,"comment_status":"closed","ping_status":"closed","template":"","meta":{"_acf_changed":false,"footnotes":""},"class_list":["post-11","page","type-page","status-publish","has-post-thumbnail","hentry"],"acf":{"subtitle":"Le laboratoire","blocks":false,"headlines":"Le R\u00e9seau conduit des projets en collaboration avec ses membres et partenaires. ","external_link":""},"_links":{"self":[{"href":"https:\/\/rapport-annuel.rsrl.ch\/wp\/wp-json\/wp\/v2\/pages\/11","targetHints":{"allow":["GET"]}}],"collection":[{"href":"https:\/\/rapport-annuel.rsrl.ch\/wp\/wp-json\/wp\/v2\/pages"}],"about":[{"href":"https:\/\/rapport-annuel.rsrl.ch\/wp\/wp-json\/wp\/v2\/types\/page"}],"author":[{"embeddable":true,"href":"https:\/\/rapport-annuel.rsrl.ch\/wp\/wp-json\/wp\/v2\/users\/1"}],"replies":[{"embeddable":true,"href":"https:\/\/rapport-annuel.rsrl.ch\/wp\/wp-json\/wp\/v2\/comments?post=11"}],"version-history":[{"count":30,"href":"https:\/\/rapport-annuel.rsrl.ch\/wp\/wp-json\/wp\/v2\/pages\/11\/revisions"}],"predecessor-version":[{"id":3137,"href":"https:\/\/rapport-annuel.rsrl.ch\/wp\/wp-json\/wp\/v2\/pages\/11\/revisions\/3137"}],"wp:featuredmedia":[{"embeddable":true,"href":"https:\/\/rapport-annuel.rsrl.ch\/wp\/wp-json\/wp\/v2\/media\/2951"}],"wp:attachment":[{"href":"https:\/\/rapport-annuel.rsrl.ch\/wp\/wp-json\/wp\/v2\/media?parent=11"}],"curies":[{"name":"wp","href":"https:\/\/api.w.org\/{rel}","templated":true}]}}